{"id":608,"date":"2018-08-23T08:56:45","date_gmt":"2018-08-23T08:56:45","guid":{"rendered":"http:\/\/localhost\/ftagementor\/?page_id=608"},"modified":"2019-12-03T14:47:01","modified_gmt":"2019-12-03T14:47:01","slug":"contact","status":"publish","type":"page","link":"http:\/\/mtfilmyapim.com\/?page_id=608","title":{"rendered":"\u0130leti\u015fim"},"content":{"rendered":"\t\t<div data-elementor-type=\"wp-post\" data-elementor-id=\"608\" class=\"elementor elementor-608\" data-elementor-settings=\"[]\">\n\t\t\t\t\t\t<div class=\"elementor-inner\">\n\t\t\t\t\t\t\t<div class=\"elementor-section-wrap\">\n\t\t\t\t\t\t\t<section class=\"elementor-section elementor-top-section elementor-element elementor-element-a900b29 elementor-section-boxed elementor-section-height-default elementor-section-height-default\" data-id=\"a900b29\" data-element_type=\"section\">\n\t\t\t\t\t\t<div class=\"elementor-container elementor-column-gap-default\">\n\t\t\t\t\t\t\t<div class=\"elementor-row\">\n\t\t\t\t\t<div class=\"elementor-column elementor-col-100 elementor-top-column elementor-element elementor-element-48b4dfa\" data-id=\"48b4dfa\" data-element_type=\"column\">\n\t\t\t<div class=\"elementor-column-wrap elementor-element-populated\">\n\t\t\t\t\t\t\t<div class=\"elementor-widget-wrap\">\n\t\t\t\t\t\t<div class=\"elementor-element elementor-element-5b477c5 elementor-widget elementor-widget-section-titel-addons\" data-id=\"5b477c5\" data-element_type=\"widget\" data-widget_type=\"section-titel-addons.default\">\n\t\t\t\t<div class=\"elementor-widget-container\">\n\t\t\t            <div class=\"section-titel dotborder text-left\">\n                \n                <h3 class=\"section-titel-txt\">B\u0130ZE ULA\u015eIN<\/h3><p>MT Film, ulusal ve uluslararas\u0131  yay\u0131nc\u0131lar\u0131n \u00e7o\u011fuyla \u00e7al\u0131\u015ft\u0131.\n\u0130nan\u0131lmaz hikayeler haz\u0131rlamak, tutkulu ve profesyonel bir ekip ile i\u015fbirli\u011fi yapmak i\u00e7in sizinle birlikte \u00e7al\u0131\u015fabiliriz ve ortak \u00fcretim f\u0131rsatlar\u0131n\u0131 duymaktan memnun oluruz. Hep m\u00fckemmel ortaklar ar\u0131yoruz.<\/p>            <\/div>\n\n        \t\t<\/div>\n\t\t\t\t<\/div>\n\t\t\t\t\t\t<\/div>\n\t\t\t\t\t<\/div>\n\t\t<\/div>\n\t\t\t\t\t\t\t\t<\/div>\n\t\t\t\t\t<\/div>\n\t\t<\/section>\n\t\t\t\t<section class=\"elementor-section elementor-top-section elementor-element elementor-element-241d859 elementor-section-full_width elementor-section-height-default elementor-section-height-default\" data-id=\"241d859\" data-element_type=\"section\">\n\t\t\t\t\t\t<div class=\"elementor-container elementor-column-gap-default\">\n\t\t\t\t\t\t\t<div class=\"elementor-row\">\n\t\t\t\t\t<div class=\"elementor-column elementor-col-100 elementor-top-column elementor-element elementor-element-cfe2c1f\" data-id=\"cfe2c1f\" data-element_type=\"column\">\n\t\t\t<div class=\"elementor-column-wrap elementor-element-populated\">\n\t\t\t\t\t\t\t<div class=\"elementor-widget-wrap\">\n\t\t\t\t\t\t<div class=\"elementor-element elementor-element-627421f elementor-widget elementor-widget-google_maps\" data-id=\"627421f\" data-element_type=\"widget\" data-widget_type=\"google_maps.default\">\n\t\t\t\t<div class=\"elementor-widget-container\">\n\t\t\t<div class=\"elementor-custom-embed\"><iframe frameborder=\"0\" scrolling=\"no\" marginheight=\"0\" marginwidth=\"0\" src=\"https:\/\/maps.google.com\/maps?q=%C4%B0zzetpa%C5%9Fa%20Mahhallesi%20Yeniyol%20Caddesi%2018%20%C5%9Ei%C5%9Fli%20%C4%B0stanbul&amp;t=m&amp;z=13&amp;output=embed&amp;iwloc=near\" title=\"\u0130zzetpa\u015fa Mahhallesi Yeniyol Caddesi 18 \u015ei\u015fli \u0130stanbul\" aria-label=\"\u0130zzetpa\u015fa Mahhallesi Yeniyol Caddesi 18 \u015ei\u015fli \u0130stanbul\"><\/iframe><\/div>\t\t<\/div>\n\t\t\t\t<\/div>\n\t\t\t\t\t\t<\/div>\n\t\t\t\t\t<\/div>\n\t\t<\/div>\n\t\t\t\t\t\t\t\t<\/div>\n\t\t\t\t\t<\/div>\n\t\t<\/section>\n\t\t\t\t<section class=\"elementor-section elementor-top-section elementor-element elementor-element-4f28230 elementor-section-boxed elementor-section-height-default elementor-section-height-default\" data-id=\"4f28230\" data-element_type=\"section\">\n\t\t\t\t\t\t<div class=\"elementor-container elementor-column-gap-default\">\n\t\t\t\t\t\t\t<div class=\"elementor-row\">\n\t\t\t\t\t<div class=\"elementor-column elementor-col-100 elementor-top-column elementor-element elementor-element-00bb199\" data-id=\"00bb199\" data-element_type=\"column\">\n\t\t\t<div class=\"elementor-column-wrap elementor-element-populated\">\n\t\t\t\t\t\t\t<div class=\"elementor-widget-wrap\">\n\t\t\t\t\t\t<div class=\"elementor-element elementor-element-398900f elementor-widget elementor-widget-ftagementor-contact-us\" data-id=\"398900f\" data-element_type=\"widget\" data-widget_type=\"ftagementor-contact-us.default\">\n\t\t\t\t<div class=\"elementor-widget-container\">\n\t\t\t\n        <div class=\"contact-area\">\n            <div class=\"row\">\n                <div class=\"col-lg-8\">\n                     <div class=\"leave-comment comments\" style=\"background: #000 url(http:\/\/demo.wphash.com\/ftagem\/wp-content\/uploads\/2018\/08\/contact.png) no-repeat scroll center center \/ cover;\">\n                        <!-- Sub Section title start -->\n                        <div class=\"comments-title contact-form-title\">\n                                                            <h4>Bize ula\u015f\u0131n<\/h4>\n                                                    <\/div>\n                        <!-- Sub Section title end -->\n                        \n                        <div class=\"comment-form\">\n                                                            <div role=\"form\" class=\"wpcf7\" id=\"wpcf7-f5-o1\" lang=\"tr-TR\" dir=\"ltr\">\n<div class=\"screen-reader-response\"><p role=\"status\" aria-live=\"polite\" aria-atomic=\"true\"><\/p> <ul><\/ul><\/div>\n<form action=\"\/index.php?rest_route=%2Fwp%2Fv2%2Fpages%2F608#wpcf7-f5-o1\" method=\"post\" class=\"wpcf7-form init\" novalidate=\"novalidate\" data-status=\"init\">\n<div style=\"display: none;\">\n<input type=\"hidden\" name=\"_wpcf7\" value=\"5\" \/>\n<input type=\"hidden\" name=\"_wpcf7_version\" value=\"5.4\" \/>\n<input type=\"hidden\" name=\"_wpcf7_locale\" value=\"tr_TR\" \/>\n<input type=\"hidden\" name=\"_wpcf7_unit_tag\" value=\"wpcf7-f5-o1\" \/>\n<input type=\"hidden\" name=\"_wpcf7_container_post\" value=\"0\" \/>\n<input type=\"hidden\" name=\"_wpcf7_posted_data_hash\" value=\"\" \/>\n<\/div>\n<p><label> Your Name (required)<br \/>\n     <\/label><\/p>\n<p><label> Your Email (required)<br \/>\n    <span class=\"wpcf7-form-control-wrap Mail\"><input type=\"email\" name=\"Mail\" value=\"\" size=\"40\" class=\"wpcf7-form-control wpcf7-text wpcf7-email wpcf7-validates-as-required wpcf7-validates-as-email\" aria-required=\"true\" aria-invalid=\"false\" \/><\/span> <\/label><\/p>\n<p><label> Subject<br \/>\n    <span class=\"wpcf7-form-control-wrap Konu\"><input type=\"text\" name=\"Konu\" value=\"\" size=\"40\" class=\"wpcf7-form-control wpcf7-text\" aria-invalid=\"false\" \/><\/span> <\/label><\/p>\n<p><label> Your Message<br \/>\n     <\/label><\/p>\n<p><input type=\"submit\" value=\"G\u00f6nder\" class=\"wpcf7-form-control wpcf7-submit\" \/><\/p>\n<div class=\"wpcf7-response-output\" aria-hidden=\"true\"><\/div><\/form><\/div>                                                    <\/div>                  \n                    <\/div>\n                    <div class=\"company-location\">\n                        <div class=\"contact-address text-left\">\n                                                                                <!-- single one -->\n                            <div class=\"single-address\"> \n                                <div class=\"single-address-icon\"> \n                                    <i class=\"fa fa-phone\"><\/i>                                <\/div> \n                                <div class=\"single-address-info\">  \n                                                                            <p>+090 212 934 1720 <br> +090 850 888 1720<\/p>\n                                         \n                                <\/div>    \n                            <\/div>\n                            <!-- single end -->\n                                                        <!-- single one -->\n                            <div class=\"single-address\"> \n                                <div class=\"single-address-icon\"> \n                                    <i class=\"fa fa-globe\"><\/i>                                <\/div> \n                                <div class=\"single-address-info\">  \n                                                                            <p>mtfilmyapim@gmail.com <br>\nmtfilmyapim.com<\/p>\n                                         \n                                <\/div>    \n                            <\/div>\n                            <!-- single end -->\n                                                        <!-- single one -->\n                            <div class=\"single-address\"> \n                                <div class=\"single-address-icon\"> \n                                    <i class=\"fa fa-map-marker\"><\/i>                                <\/div> \n                                <div class=\"single-address-info\">  \n                                                                            <p>\u0130zzetpa\u015fa Mahhallesi, Yeniyol Caddesi No:18 Kat:4 Daire 12 \u015e\u0130\u015eL\u0130 \/ \u0130STANBUL<\/p>\n                                         \n                                <\/div>    \n                            <\/div>\n                            <!-- single end -->\n                                                    <\/div>\n                        <div class=\"follow-us-icon\">\n                            \n                                <h3>Aray\u0131n<\/h3>\n\n                                                                                            <ul>\n                                     \n                                            <li>\n                                               <a href=\"http:\/\/www.facebook.com\"> <i class=\"fa fa-facebook\"><\/i><\/a>                                            <\/li>\n\n                                                                             \n                                    \n                                            <li>\n                                               <a href=\"#\" target=\"_blank\" rel=\"nofollow\"> <i class=\"fa fa-twitter\"><\/i><\/a>                                            <\/li>\n\n                                                                             \n                                    \n                                            <li>\n                                               <a href=\"#\" target=\"_blank\" rel=\"nofollow\"> <i class=\"fa fa-linkedin\"><\/i><\/a>                                            <\/li>\n\n                                                                             \n                                    \n                                            <li>\n                                               <a href=\"#\" target=\"_blank\" rel=\"nofollow\"> <i class=\"fa fa-google-plus\"><\/i><\/a>                                            <\/li>\n\n                                                                             \n                                                                    <\/ul>\n                                                    <\/div> \n                    <\/div>\n                <\/div>\n            <\/div>\n        <\/div>\n        \t\t<\/div>\n\t\t\t\t<\/div>\n\t\t\t\t\t\t<\/div>\n\t\t\t\t\t<\/div>\n\t\t<\/div>\n\t\t\t\t\t\t\t\t<\/div>\n\t\t\t\t\t<\/div>\n\t\t<\/section>\n\t\t\t\t\t\t<\/div>\n\t\t\t\t\t\t<\/div>\n\t\t\t\t\t<\/div>\n\t\t","protected":false},"excerpt":{"rendered":"<p>B\u0130ZE ULA\u015eIN MT Film, ulusal ve uluslararas\u0131 yay\u0131nc\u0131lar\u0131n \u00e7o\u011fuyla \u00e7al\u0131\u015ft\u0131. \u0130nan\u0131lmaz hikayeler haz\u0131rlamak, tutkulu ve profesyonel bir ekip ile i\u015fbirli\u011fi yapmak i\u00e7in sizinle birlikte \u00e7al\u0131\u015fabiliriz ve ortak \u00fcretim f\u0131rsatlar\u0131n\u0131 duymaktan memnun oluruz. Hep m\u00fckemmel ortaklar ar\u0131yoruz.<\/p>\n","protected":false},"author":2,"featured_media":0,"parent":0,"menu_order":0,"comment_status":"closed","ping_status":"closed","template":"elementor_header_footer","meta":[],"_links":{"self":[{"href":"http:\/\/mtfilmyapim.com\/index.php?rest_route=\/wp\/v2\/pages\/608"}],"collection":[{"href":"http:\/\/mtfilmyapim.com\/index.php?rest_route=\/wp\/v2\/pages"}],"about":[{"href":"http:\/\/mtfilmyapim.com\/index.php?rest_route=\/wp\/v2\/types\/page"}],"author":[{"embeddable":true,"href":"http:\/\/mtfilmyapim.com\/index.php?rest_route=\/wp\/v2\/users\/2"}],"replies":[{"embeddable":true,"href":"http:\/\/mtfilmyapim.com\/index.php?rest_route=%2Fwp%2Fv2%2Fcomments&post=608"}],"version-history":[{"count":8,"href":"http:\/\/mtfilmyapim.com\/index.php?rest_route=\/wp\/v2\/pages\/608\/revisions"}],"predecessor-version":[{"id":2139,"href":"http:\/\/mtfilmyapim.com\/index.php?rest_route=\/wp\/v2\/pages\/608\/revisions\/2139"}],"wp:attachment":[{"href":"http:\/\/mtfilmyapim.com\/index.php?rest_route=%2Fwp%2Fv2%2Fmedia&parent=608"}],"curies":[{"name":"wp","href":"https:\/\/api.w.org\/{rel}","templated":true}]}}