{"id":858,"date":"2018-08-30T11:04:52","date_gmt":"2018-08-30T11:04:52","guid":{"rendered":"http:\/\/localhost\/ftagementor\/?page_id=858"},"modified":"2019-04-15T12:28:57","modified_gmt":"2019-04-15T12:28:57","slug":"hizmetler","status":"publish","type":"page","link":"http:\/\/mtfilmyapim.com\/?page_id=858","title":{"rendered":"Hizmetler"},"content":{"rendered":"\t\t<div data-elementor-type=\"wp-post\" data-elementor-id=\"858\" class=\"elementor elementor-858 elementor-bc-flex-widget\" data-elementor-settings=\"[]\">\n\t\t\t\t\t\t<div class=\"elementor-inner\">\n\t\t\t\t\t\t\t<div class=\"elementor-section-wrap\">\n\t\t\t\t\t\t\t<section class=\"elementor-section elementor-top-section elementor-element elementor-element-2100bba elementor-section-boxed elementor-section-height-default elementor-section-height-default\" data-id=\"2100bba\" data-element_type=\"section\" data-settings=\"{&quot;background_background&quot;:&quot;classic&quot;}\">\n\t\t\t\t\t\t<div class=\"elementor-container elementor-column-gap-default\">\n\t\t\t\t\t\t\t<div class=\"elementor-row\">\n\t\t\t\t\t<div class=\"elementor-column elementor-col-100 elementor-top-column elementor-element elementor-element-98ea599\" data-id=\"98ea599\" data-element_type=\"column\">\n\t\t\t<div class=\"elementor-column-wrap elementor-element-populated\">\n\t\t\t\t\t\t\t<div class=\"elementor-widget-wrap\">\n\t\t\t\t\t\t<div class=\"elementor-element elementor-element-d412797 elementor-widget elementor-widget-services-post\" data-id=\"d412797\" data-element_type=\"widget\" data-widget_type=\"services-post.default\">\n\t\t\t\t<div class=\"elementor-widget-container\">\n\t\t\t            <div class=\"services-area\">\n                <div class=\"row\">\n                                        <!-- Single Item --> \n                    <div class=\"col-lg-4 col-sm-6\">                    <div class=\"service-single\">\n                        \n                                                <div class=\"servce-icon\">\n                            <a href=\"http:\/\/mtfilmyapim.com\/?services=ekipman-kiralama2\">\n                                <i class=\"icofont icofont-movie\"><\/i>\n                            <\/a>\n                         <\/div>\n                     \n                        <div class=\"service-details\">\n                            <h4><a href=\"http:\/\/mtfilmyapim.com\/?services=ekipman-kiralama2\">\n                                        EK\u0130PMAN K\u0130RALAMA                                <\/a>\n                            <\/h4>\n                            <p>\u0130htiyac\u0131n\u0131z olan ekipmanlar\u0131 kiralayarak profesyonel neticeler elde edebilirsiniz Kamera Seti SONY PWM Kamera Full digital<\/p>                        <\/div>\n                    <\/div>\n                    <!-- Single Item -->\n\n                    <\/div>                                     <!-- Single Item --> \n                    <div class=\"col-lg-4 col-sm-6\">                    <div class=\"service-single\">\n                        \n                                                <div class=\"servce-icon\">\n                            <a href=\"http:\/\/mtfilmyapim.com\/?services=reklam\">\n                                <i class=\"icofont icofont-ui-video-play\"><\/i>\n                            <\/a>\n                         <\/div>\n                     \n                        <div class=\"service-details\">\n                            <h4><a href=\"http:\/\/mtfilmyapim.com\/?services=reklam\">\n                                        REKLAM                                <\/a>\n                            <\/h4>\n                            <p>Kurumsal onlarca firma i\u00e7in yeni fikirler, rengarenk tasar\u0131mlar haz\u0131rlad\u0131k. Etkileyici videolardan web sayfalar\u0131na, dikkat \u00e7ekici<\/p>                        <\/div>\n                    <\/div>\n                    <!-- Single Item -->\n\n                    <\/div>                                     <!-- Single Item --> \n                    <div class=\"col-lg-4 col-sm-6\">                    <div class=\"service-single\">\n                        \n                                                <div class=\"servce-icon\">\n                            <a href=\"http:\/\/mtfilmyapim.com\/?services=sosyal-medya2\">\n                                <i class=\"icofont icofont-film\"><\/i>\n                            <\/a>\n                         <\/div>\n                     \n                        <div class=\"service-details\">\n                            <h4><a href=\"http:\/\/mtfilmyapim.com\/?services=sosyal-medya2\">\n                                        SOSYAL MEDYA                                <\/a>\n                            <\/h4>\n                            <p>Performans odakl\u0131 dijital pazarlama ve tasar\u0131m ajans\u0131y\u0131z. \u0130\u015f modelinizi derinlemesine inceleyerek, ihtiyac\u0131n\u0131za uygun \u00e7\u00f6z\u00fcmler sunar\u0131z.<\/p>                        <\/div>\n                    <\/div>\n                    <!-- Single Item -->\n\n                    <\/div>                                     <!-- Single Item --> \n                    <div class=\"col-lg-4 col-sm-6\">                    <div class=\"service-single\">\n                        \n                                                <div class=\"servce-icon\">\n                            <a href=\"http:\/\/mtfilmyapim.com\/?services=internet-reklamlari2\">\n                                <i class=\"icofont icofont-multimedia\"><\/i>\n                            <\/a>\n                         <\/div>\n                     \n                        <div class=\"service-details\">\n                            <h4><a href=\"http:\/\/mtfilmyapim.com\/?services=internet-reklamlari2\">\n                                        \u0130NTERNET REKLAMLARI                                <\/a>\n                            <\/h4>\n                            <p>\u00d6zg\u00fcn i\u00e7erikler \u00fcreterek televizyon, internet ve dergi alan\u0131nda yay\u0131nlar\u0131m\u0131zla milyonlara ula\u015f\u0131yoruz. Yay\u0131nlar\u0131m\u0131zla sesinize ses, g\u00fcc\u00fcn\u00fcze<\/p>                        <\/div>\n                    <\/div>\n                    <!-- Single Item -->\n\n                    <\/div>                                     <!-- Single Item --> \n                    <div class=\"col-lg-4 col-sm-6\">                    <div class=\"service-single\">\n                        \n                                                <div class=\"servce-icon\">\n                            <a href=\"http:\/\/mtfilmyapim.com\/?services=video-tanitim2\">\n                                <i class=\"icofont icofont-video-cam\"><\/i>\n                            <\/a>\n                         <\/div>\n                     \n                        <div class=\"service-details\">\n                            <h4><a href=\"http:\/\/mtfilmyapim.com\/?services=video-tanitim2\">\n                                        V\u0130DEO TANITIM                                <\/a>\n                            <\/h4>\n                            <p>Her t\u00fcrl\u00fc i\u015fletmeyi do\u011fru video i\u00e7eri\u011fi ile daha ba\u015far\u0131l\u0131 hale getirebiliriz. Size \u00e7e\u015fitli tarzda tan\u0131t\u0131m<\/p>                        <\/div>\n                    <\/div>\n                    <!-- Single Item -->\n\n                    <\/div>                                     <!-- Single Item --> \n                    <div class=\"col-lg-4 col-sm-6\">                    <div class=\"service-single\">\n                        \n                                                <div class=\"servce-icon\">\n                            <a href=\"http:\/\/mtfilmyapim.com\/?services=yapim-2\">\n                                <i class=\"icofont icofont-video-cam\"><\/i>\n                            <\/a>\n                         <\/div>\n                     \n                        <div class=\"service-details\">\n                            <h4><a href=\"http:\/\/mtfilmyapim.com\/?services=yapim-2\">\n                                        YAPIM                                <\/a>\n                            <\/h4>\n                            <p>PROD\u00dcKS\u0130YON MT Film, ulusal ve uluslararas\u0131 yay\u0131nc\u0131lar\u0131n \u00e7o\u011fuyla \u00e7al\u0131\u015ft\u0131. \u0130nan\u0131lmaz hikayeler haz\u0131rlamak, tutkulu ve profesyonel<\/p>                        <\/div>\n                    <\/div>\n                    <!-- Single Item -->\n\n                    <\/div>                                 <\/div>\n            <\/div>\n\n            <script type=\"text\/javascript\">\n                (function($){\n\n                    var _arrows_set = false;\n                    var _autoplay_set = false;\n                    var _autoplay_speed = 5000;\n                    var _showitem_set = 3;\n                    var _showitemtablet_set = 2;\n                    var _showitemmobile_set = 2;\n                    var _itemmarginset = 30;\n\n                    $('.sevice-active').owlCarousel({\n                        items:_showitem_set,\n                        margin:_itemmarginset,\n                        autoHeight:true,\n                        dots: false,\n                        nav: _arrows_set,\n                        autoplay: _autoplay_set,\n                        smartSpeed:_autoplay_speed,\n                        navText:['<i class=\"icofont icofont-long-arrow-left\"><\/i>','<i class=\"icofont icofont-long-arrow-right\"><\/i>'],\n                          responsive: {\n                            0: {\n                              items: 1\n                            },\n                            575:{\n                                items: _showitemmobile_set\n                            },\n                            768:{\n                                items: _showitemtablet_set\n                            },\n                            1000:{\n                                items: _showitem_set\n                            },\n                          }\n\n                    }); \n                    \n                })(jQuery);\n\n            <\/script>\n\n        \t\t<\/div>\n\t\t\t\t<\/div>\n\t\t\t\t\t\t<\/div>\n\t\t\t\t\t<\/div>\n\t\t<\/div>\n\t\t\t\t\t\t\t\t<\/div>\n\t\t\t\t\t<\/div>\n\t\t<\/section>\n\t\t\t\t\t\t<\/div>\n\t\t\t\t\t\t<\/div>\n\t\t\t\t\t<\/div>\n\t\t","protected":false},"excerpt":{"rendered":"","protected":false},"author":2,"featured_media":0,"parent":0,"menu_order":0,"comment_status":"closed","ping_status":"closed","template":"page-full-width.php","meta":[],"_links":{"self":[{"href":"http:\/\/mtfilmyapim.com\/index.php?rest_route=\/wp\/v2\/pages\/858"}],"collection":[{"href":"http:\/\/mtfilmyapim.com\/index.php?rest_route=\/wp\/v2\/pages"}],"about":[{"href":"http:\/\/mtfilmyapim.com\/index.php?rest_route=\/wp\/v2\/types\/page"}],"author":[{"embeddable":true,"href":"http:\/\/mtfilmyapim.com\/index.php?rest_route=\/wp\/v2\/users\/2"}],"replies":[{"embeddable":true,"href":"http:\/\/mtfilmyapim.com\/index.php?rest_route=%2Fwp%2Fv2%2Fcomments&post=858"}],"version-history":[{"count":1,"href":"http:\/\/mtfilmyapim.com\/index.php?rest_route=\/wp\/v2\/pages\/858\/revisions"}],"predecessor-version":[{"id":2027,"href":"http:\/\/mtfilmyapim.com\/index.php?rest_route=\/wp\/v2\/pages\/858\/revisions\/2027"}],"wp:attachment":[{"href":"http:\/\/mtfilmyapim.com\/index.php?rest_route=%2Fwp%2Fv2%2Fmedia&parent=858"}],"curies":[{"name":"wp","href":"https:\/\/api.w.org\/{rel}","templated":true}]}}